{"id":11,"date":"2016-08-17T07:33:59","date_gmt":"2016-08-17T07:33:59","guid":{"rendered":"http:\/\/sw-themes.com\/porto_dummy\/?page_id=11"},"modified":"2024-11-11T21:12:22","modified_gmt":"2024-11-11T21:12:22","slug":"hakkimizda","status":"publish","type":"page","link":"https:\/\/polatmanti.com.tr\/index.php\/hakkimizda\/","title":{"rendered":"Hakk\u0131m\u0131zda"},"content":{"rendered":"<div class=\"wpb-content-wrapper\"><p>[vc_section parallax=&#8221;content-moving&#8221; parallax_image=&#8221;410&#8243; bottom_divider_type=&#8221;custom&#8221; bottom_divider_custom=&#8221;JTNDc3ZnJTIwdmVyc2lvbiUzRCUyMjEuMSUyMiUyMHhtbG5zJTNEJTIyaHR0cCUzQSUyRiUyRnd3dy53My5vcmclMkYyMDAwJTJGc3ZnJTIyJTIweG1sbnMlM0F4bGluayUzRCUyMmh0dHAlM0ElMkYlMkZ3d3cudzMub3JnJTJGMTk5OSUyRnhsaW5rJTIyJTIweCUzRCUyMjBweCUyMiUyMHklM0QlMjIwcHglMjIlMjB2aWV3Qm94JTNEJTIyMCUyMDAlMjAxOTIwJTIwMTE2JTIyJTIwcHJlc2VydmVBc3BlY3RSYXRpbyUzRCUyMm5vbmUlMjIlM0UlMEElMDklMDklMDklMDklMDklMDklMDklM0NwYXRoJTIwZmlsbCUzRCUyMiUyM0ZGRiUyMiUyMGQlM0QlMjJNNDUzJTJDOTJjMTEuNy00Ljg3JTJDMjguNDYtMTEuNDMlMkM0OS0xOGM0Mi4yOS0xMy41MiUyQzc2LjM2LTE5LjMzJTJDMTE1LTI1YzUxLjU4LTcuNTclMkMxMDAuMjgtMTQuNzIlMkMxNzEtMjAlMEElMDklMDklMDklMDklMDklMDklMDklMDljMjQuODctMS44NiUyQzgyLjg4LTUuNzYlMkMxNTgtNmM2OS45OS0wLjIzJTJDMTIyLjU0JTJDMi44MiUyQzE1OSUyQzVjNTEuMTglMkMzLjA2JTJDOTUuMTclMkM1LjY5JTJDMTU1JTJDMTRjNzEuNSUyQzkuOTQlMkMxMTUuNDIlMkMyMS4wMiUyQzEyNyUyQzI0JTBBJTA5JTA5JTA5JTA5JTA5JTA5JTA5JTA5YzMzLjclMkM4LjY4JTJDNjEuNjIlMkMxNy43OSUyQzgyJTJDMjVDMTEzMC4zMyUyQzkxLjMzJTJDNzkxLjY3JTJDOTEuNjclMkM0NTMlMkM5MnolMjIlM0UlM0MlMkZwYXRoJTNFJTBBJTA5JTA5JTA5JTA5JTA5JTA5JTA5JTNDcmVjdCUyMHklM0QlMjI5MCUyMiUyMGZpbGwlM0QlMjIlMjNGRkYlMjIlMjB3aWR0aCUzRCUyMjE5MjAlMjIlMjBoZWlnaHQlM0QlMjIyNiUyMiUzRSUzQyUyRnJlY3QlM0UlMEElMDklMDklMDklMDklMDklMDklM0MlMkZzdmclM0U=&#8221; bottom_divider_height=&#8221;116px&#8221; el_class=&#8221;overlay overlay-show mb-0&#8243; css=&#8221;.vc_custom_1620294314378{padding-top: 4.2153846154rem !important;padding-bottom: 4.7153846154rem !important;}&#8221;][vc_row wrap_container=&#8221;yes&#8221; content_placement=&#8221;middle&#8221; el_class=&#8221;pt-3 pb-5 mb-5 z-index-9 custom-breadcrumb&#8221;][vc_column]<div class=\"page-top page-header-7   wpb_custom_5c03ffead71462c7035626904d2429e7\"><style>.page-top { background: none; border-bottom: none; } .page-top .page-title:not(.b-none):after { display: none; }.page-top .breadcrumbs-wrap { color: #c19655}.page-top .breadcrumbs-wrap a { color: #c19655 }.page-top .page-title {color: #ffffff;font-size: 49px;}<\/style><div class=\"container\">\r\n\t<div class=\"row\">\r\n\t\t<div class=\"col-lg-12\">\r\n\t\t\t\t\t\t\t<div class=\"breadcrumbs-wrap text-center\">\r\n\t\t\t\t\t<ul class=\"breadcrumb\" itemscope itemtype=\"https:\/\/schema.org\/BreadcrumbList\"><li itemprop=\"itemListElement\" itemscope itemtype=\"https:\/\/schema.org\/ListItem\"><a itemprop=\"item\" href=\"https:\/\/polatmanti.com.tr\"><span itemprop=\"name\">Ev<\/span><\/a><meta itemprop=\"position\" content=\"1\" \/><i class=\"delimiter delimiter-2\"><\/i><\/li><\/ul>\t\t\t\t<\/div>\r\n\t\t\t\t\t\t<div class=\"text-center\">\r\n\t\t\t\t\t\t\t\t<h1 class=\"page-title\"><\/h1>\r\n\t\t\t\t\t\t\t<\/div>\r\n\t\t\t\t\t<\/div>\r\n\t<\/div>\r\n<\/div>\r\n<\/div>[vc_btn title=&#8221;&#8221; i_icon_fontawesome=&#8221;fas fa-angle-down&#8221; btn_fs=&#8221;23.1px&#8221; el_cls=&#8221;border-0&#8243; add_icon=&#8221;true&#8221; custom_onclick=&#8221;true&#8221; link=&#8221;url:%23aboutus&#8221; custom_onclick_code=&#8221;window.theme.scrolltoContainer(jQuery(&#8220;#aboutus&#8220;));return false;&#8221; el_class=&#8221;custom-hash-pos position-absolute mb-0&#8243;][\/vc_column][\/vc_row][\/vc_section][vc_row wrap_container=&#8221;yes&#8221; el_id=&#8221;aboutus&#8221; el_class=&#8221;py-5 mt-4 mb-3&#8243;][vc_column][vc_custom_heading text=&#8221;HAKKIMIZDA&#8221; font_container=&#8221;tag:h4|font_size:16.8px|text_align:left|line_height:21px&#8221; use_theme_fonts=&#8221;yes&#8221; skin=&#8221;primary&#8221; letter_spacing=&#8221;2.5px&#8221; animation_delay=&#8221;300&#8243; animation_type=&#8221;fadeInUp&#8221; el_class=&#8221;mb-2&#8243; css_params=&#8221;&#8221;]<div class=\"porto-u-heading mb-4  wpb_custom_fca020d24b2ae9a9daebde8198286387 porto-u-1137 \" data-appear-animation=\"fadeInUp\" data-appear-animation-delay=\"500\"><div class=\"porto-u-sub-heading\" style=\"color: #212529;\">Lezzetin Ustas\u0131, 50 Y\u0131ll\u0131k Gelenek<\/div><style>.porto-u-1137.porto-u-heading{text-align:left}<\/style><\/div>[vc_custom_heading text=&#8221;1970 y\u0131l\u0131nda Mehmet Ali Polat taraf\u0131ndan Ankara\u2019da k\u00fc\u00e7\u00fck bir yufka imalathanesi olarak kurulan Polat Mant\u0131, bug\u00fcn donuk g\u0131da sekt\u00f6r\u00fcn\u00fcn \u00f6nc\u00fc markalar\u0131ndan biri haline gelmi\u015ftir. Aileden gelen el eme\u011fi ve kaliteye dayal\u0131 \u00fcretim k\u00fclt\u00fcr\u00fcyle b\u00fcy\u00fcyen firma, o y\u0131llarda Ankara&#8217;n\u0131n yerel lezzetlerine olan ba\u011fl\u0131l\u0131\u011f\u0131yla bilinirken, k\u0131sa s\u00fcrede T\u00fcrkiye genelinde bilinen ve g\u00fcvenilen bir marka olmay\u0131 ba\u015farm\u0131\u015ft\u0131r.&#8221; font_container=&#8221;tag:p|font_size:15.4px|text_align:left&#8221; use_theme_fonts=&#8221;yes&#8221; animation_delay=&#8221;700&#8243; animation_type=&#8221;fadeInUp&#8221; el_class=&#8221;pb-2 mb-4&#8243; css_params=&#8221;&#8221;][vc_custom_heading text=&#8221;Kurulu\u015fun \u0130lk Y\u0131llar\u0131: Yufka ve Kaday\u0131f \u0130malathanesi&#8221; font_container=&#8221;tag:h4|font_size:35px|text_align:left|line_height:45.5px&#8221; use_theme_fonts=&#8221;yes&#8221; animation_delay=&#8221;500&#8243; el_class=&#8221;mb-4&#8243; animation_type=&#8221;fadeInUp&#8221; css_params=&#8221;&#8221;][vc_custom_heading text=&#8221;Polat Mant\u0131\u2019n\u0131n ilk ad\u0131mlar\u0131, Ankara\u2019da bir yufka ve kaday\u0131f imalathanesi olarak at\u0131ld\u0131. Mehmet Ali Polat, geleneksel \u00fcretim y\u00f6ntemlerini modern tekniklerle birle\u015ftirerek, en taze ve kaliteli \u00fcr\u00fcnleri halk\u0131n be\u011fenisine sunmay\u0131 ilke edindi. O d\u00f6nemde evde yap\u0131lamayacak kadar zor olan yufka ve kaday\u0131f \u00fcr\u00fcnlerinin \u00fcretimi, b\u00fcy\u00fck ilgi g\u00f6rd\u00fc ve Polat Mant\u0131 markas\u0131, yerel pazarda h\u0131zla b\u00fcy\u00fcd\u00fc. M\u00fc\u015fteri memnuniyeti odakl\u0131 bu anlay\u0131\u015f, firman\u0131n b\u00fcy\u00fcmesinde itici g\u00fc\u00e7 oldu.&#8221; font_container=&#8221;tag:p|font_size:15.4px|text_align:left&#8221; use_theme_fonts=&#8221;yes&#8221; animation_delay=&#8221;700&#8243; animation_type=&#8221;fadeInUp&#8221; el_class=&#8221;pb-2 mb-0&#8243; css_params=&#8221;&#8221;][\/vc_column][\/vc_row][vc_row wrap_container=&#8221;yes&#8221; css=&#8221;.vc_custom_1620201301162{padding-top: 4.6153846154rem !important;padding-bottom: 4.6153846154rem !important;background-color: #ededed !important;}&#8221;][vc_column el_class=&#8221;carousel-half-full-width-wrapper carousel-half-full-width-right&#8221;]<div class=\"porto-carousel owl-carousel has-ccols has-ccols-spacing ccols-xl-4 ccols-lg-4 ccols-md-3 ccols-sm-2 ccols-1 carousel-shadow-1 custom-nav-left mb-0 py-3 wpb_custom_324659f3639fc50e0d07e21da55ccd7b nav-bottom nav-style-2\" data-plugin-options=\"{&quot;themeConfig&quot;:true,&quot;stagePadding&quot;:0,&quot;margin&quot;:20,&quot;autoplay&quot;:false,&quot;mouseDrag&quot;:true,&quot;touchDrag&quot;:true,&quot;autoplayTimeout&quot;:5000,&quot;autoplayHoverPause&quot;:false,&quot;items&quot;:4,&quot;xl&quot;:4,&quot;lg&quot;:4,&quot;md&quot;:3,&quot;sm&quot;:2,&quot;xs&quot;:1,&quot;nav&quot;:&quot;yes&quot;,&quot;dots&quot;:false,&quot;animateIn&quot;:&quot;&quot;,&quot;animateOut&quot;:&quot;&quot;,&quot;loop&quot;:false,&quot;center&quot;:false,&quot;video&quot;:false,&quot;lazyLoad&quot;:false,&quot;fullscreen&quot;:false}\">[vc_single_image image=&#8221;548&#8243; img_size=&#8221;full&#8221; onclick=&#8221;img_link_large&#8221; css=&#8221;&#8221; lightbox=&#8221;yes&#8221; zoom_icon=&#8221;yes&#8221; hover_effect=&#8221;yes&#8221; el_class=&#8221;custom-img-100&#8243; label=&#8221;&#8221; css_params=&#8221;&#8221;][vc_single_image image=&#8221;552&#8243; img_size=&#8221;full&#8221; onclick=&#8221;img_link_large&#8221; css=&#8221;&#8221; lightbox=&#8221;yes&#8221; zoom_icon=&#8221;yes&#8221; hover_effect=&#8221;yes&#8221; el_class=&#8221;custom-img-100&#8243; label=&#8221;&#8221; css_params=&#8221;&#8221;][vc_single_image image=&#8221;550&#8243; img_size=&#8221;full&#8221; onclick=&#8221;img_link_large&#8221; css=&#8221;&#8221; lightbox=&#8221;yes&#8221; zoom_icon=&#8221;yes&#8221; hover_effect=&#8221;yes&#8221; el_class=&#8221;custom-img-100&#8243; label=&#8221;&#8221; css_params=&#8221;&#8221;][vc_single_image image=&#8221;554&#8243; img_size=&#8221;full&#8221; onclick=&#8221;img_link_large&#8221; css=&#8221;&#8221; lightbox=&#8221;yes&#8221; zoom_icon=&#8221;yes&#8221; hover_effect=&#8221;yes&#8221; el_class=&#8221;custom-img-100&#8243; label=&#8221;&#8221; css_params=&#8221;&#8221;][vc_single_image image=&#8221;547&#8243; img_size=&#8221;full&#8221; onclick=&#8221;img_link_large&#8221; css=&#8221;&#8221; lightbox=&#8221;yes&#8221; zoom_icon=&#8221;yes&#8221; hover_effect=&#8221;yes&#8221; el_class=&#8221;custom-img-100&#8243; label=&#8221;&#8221; css_params=&#8221;&#8221;]<\/div>[\/vc_column][\/vc_row][vc_row wrap_container=&#8221;yes&#8221; el_class=&#8221;py-5 my-4&#8243;][vc_column][vc_custom_heading text=&#8221;Yeni Nesil \u0130malathane: Donuk \u00dcr\u00fcnler ile T\u00fcrkiye Geneline Yay\u0131lma&#8221; font_container=&#8221;tag:h4|font_size:35px|text_align:left|line_height:45.5px&#8221; use_theme_fonts=&#8221;yes&#8221; animation_delay=&#8221;500&#8243; el_class=&#8221;mb-4&#8243; animation_type=&#8221;fadeInUp&#8221; css_params=&#8221;&#8221;][vc_custom_heading text=&#8221;2015 y\u0131l\u0131na gelindi\u011finde, Polat Mant\u0131 b\u00fcy\u00fck bir ad\u0131m atarak \u0130stanbul&#8217;daki modern imalathanesini hayata ge\u00e7irdi. Bu geli\u015fme, markan\u0131n \u00fcretim kapasitesini art\u0131rmas\u0131na ve donuk g\u0131da alan\u0131nda yenilik\u00e7i \u00fcr\u00fcnler geli\u015ftirmesine olanak sa\u011flad\u0131. Donuk mant\u0131 \u00e7e\u015fitleri, eri\u015fte, \u00e7i\u011f kaday\u0131f, katmer, k\u00fcnefe ve tarhana gibi geni\u015f bir \u00fcr\u00fcn yelpazesi ile sekt\u00f6rde yerini sa\u011flamla\u015ft\u0131rd\u0131. \u0130stanbul\u2019da a\u00e7\u0131lan yeni tesis, \u00fcretimde hijyen, kalite kontrol ve g\u0131da g\u00fcvenli\u011fi standartlar\u0131na son derece dikkat eden bir yap\u0131ya sahiptir. Bu sayede \u00fcr\u00fcnler, tazeli\u011fini ve lezzetini en \u00fcst d\u00fczeyde koruyarak m\u00fc\u015fterilere sunuluyor.&#8221; font_container=&#8221;tag:p|font_size:15.4px|text_align:left&#8221; use_theme_fonts=&#8221;yes&#8221; el_class=&#8221;pb-2 mb-0&#8243; css_params=&#8221;&#8221;][vc_custom_heading text=&#8221;T\u00fcrkiye\u2019nin D\u00f6rt Bir Yan\u0131na Lezzet Yolculu\u011fu&#8221; font_container=&#8221;tag:h4|font_size:35px|text_align:left|line_height:45.5px&#8221; use_theme_fonts=&#8221;yes&#8221; animation_delay=&#8221;500&#8243; animation_type=&#8221;fadeInUp&#8221; css_params=&#8221;&#8221;][vc_custom_heading text=&#8221;Polat Mant\u0131, yaln\u0131zca \u00fcretimle yetinmeyip, T\u00fcrkiye genelinde geni\u015f bir da\u011f\u0131t\u0131m a\u011f\u0131 kurarak, lezzetlerini b\u00fcy\u00fck \u015fehirlerin mutfaklar\u0131na ta\u015f\u0131d\u0131. Bug\u00fcn \u0130stanbul, Kocaeli, Bursa, Yalova, Ankara, Sakarya gibi b\u00fcy\u00fck \u015fehirlerdeki yayg\u0131n servis a\u011f\u0131 sayesinde Polat Mant\u0131 \u00fcr\u00fcnleri, hem perakende hem de horeca sekt\u00f6r\u00fcnde geni\u015f bir kitleye hitap ediyor. Firman\u0131n bu b\u00fcy\u00fcmesi, yerel tatlar\u0131 ulusal boyuta ta\u015f\u0131makla kalmay\u0131p, m\u00fc\u015fterilerine h\u0131zl\u0131 ve g\u00fcvenilir hizmet sunma ilkesini de korumaktad\u0131r.&#8221; font_container=&#8221;tag:p|font_size:15.4px|text_align:left&#8221; use_theme_fonts=&#8221;yes&#8221; el_class=&#8221;pb-2 mb-0&#8243; css_params=&#8221;&#8221;][vc_custom_heading text=&#8221;\u00dc\u00e7 Ku\u015fakl\u0131k Aile Gelene\u011fi&#8221; font_container=&#8221;tag:h4|font_size:35px|text_align:left|line_height:45.5px&#8221; use_theme_fonts=&#8221;yes&#8221; animation_delay=&#8221;500&#8243; el_class=&#8221;mb-4&#8243; animation_type=&#8221;fadeInUp&#8221; css_params=&#8221;&#8221;][vc_custom_heading text=&#8221;50 y\u0131ll\u0131k yolculu\u011funda Polat Mant\u0131, her neslin katk\u0131s\u0131yla b\u00fcy\u00fcmeye devam etti. Bug\u00fcn, \u00fc\u00e7\u00fcnc\u00fc ku\u015fak temsilcisi Harun Polat, markay\u0131 ayn\u0131 \u00f6zenle ve tutku ile gelece\u011fe ta\u015f\u0131yor. Ailesinin y\u0131llar boyunca verdi\u011fi eme\u011fi ve deneyimi modern g\u0131da teknolojileri ile birle\u015ftirerek, &#8220;Lezzetin Ustas\u0131&#8220; slogan\u0131n\u0131 yeni nesillere aktarmaya devam ediyor. Polat Mant\u0131\u2019n\u0131n her bir \u00fcr\u00fcn\u00fcnde, ailenin \u00fc\u00e7 ku\u015fakl\u0131k bilgi birikimi ve lezzet miras\u0131 yat\u0131yor. Bu miras, her \u00fcr\u00fcn\u00fcn \u00fcretiminde ve m\u00fc\u015fteri memnuniyetinde kendini g\u00f6steriyor.&#8221; font_container=&#8221;tag:p|font_size:15.4px|text_align:left&#8221; use_theme_fonts=&#8221;yes&#8221; el_class=&#8221;pb-2 mb-0&#8243; css_params=&#8221;&#8221;][vc_custom_heading text=&#8221;Lezzet ve Kalitenin Bulu\u015ftu\u011fu Nokta: Polat Mant\u0131\u2019n\u0131n Felsefesi&#8221; font_container=&#8221;tag:h4|font_size:35px|text_align:left|line_height:45.5px&#8221; use_theme_fonts=&#8221;yes&#8221; animation_delay=&#8221;500&#8243; el_class=&#8221;mb-4&#8243; animation_type=&#8221;fadeInUp&#8221; css_params=&#8221;&#8221;][vc_custom_heading text=&#8221;Polat Mant\u0131, \u00fcretim s\u00fcrecinde kaliteden asla \u00f6d\u00fcn vermeyen bir anlay\u0131\u015fla \u00e7al\u0131\u015f\u0131r. Do\u011fal malzemeler kullan\u0131larak \u00fcretilen t\u00fcm \u00fcr\u00fcnler, geleneksel tariflere sad\u0131k kal\u0131narak modern \u00fcretim tesislerinde haz\u0131rlan\u0131r. Mant\u0131dan kaday\u0131fa, eri\u015fteden tarhanaya kadar her \u00fcr\u00fcn, hem ev yap\u0131m\u0131 lezzeti sunmay\u0131 hem de pratiklik sa\u011flamay\u0131 ama\u00e7lar. Polat Mant\u0131&#8217;n\u0131n ba\u015far\u0131s\u0131n\u0131n arkas\u0131nda yatan s\u0131r, bu iki temel de\u011ferin &#8211; lezzet ve kalite &#8211; kesintisiz bir \u015fekilde s\u00fcrd\u00fcr\u00fclmesidir.<br \/>\nBug\u00fcn Polat Mant\u0131, sofralara geleneksel lezzetleri en modern \u00fcretim teknikleriyle sunarken, lezzetin ustal\u0131\u011f\u0131n\u0131 korumaya devam ediyor. 50 y\u0131l\u0131 a\u015fk\u0131n deneyimi ve m\u00fc\u015fteri memnuniyetine verdi\u011fi \u00f6nemle, Polat Mant\u0131, her zaman sofralar\u0131n vazge\u00e7ilmez markas\u0131 olmay\u0131 hedefliyor.<br \/>\n&#8221; font_container=&#8221;tag:p|font_size:15.4px|text_align:left&#8221; use_theme_fonts=&#8221;yes&#8221; el_class=&#8221;pb-2 mb-0&#8243; css_params=&#8221;&#8221;][\/vc_column][\/vc_row][vc_row wrap_container=&#8221;yes&#8221; conditional_render=&#8221;%5B%7B%22value_role%22%3A%22administrator%22%7D%5D&#8221; css_params=&#8221;&#8221;][vc_column width=&#8221;1\/2&#8243;][vc_custom_heading text=&#8221;Misyon&#8221; font_container=&#8221;tag:h4|font_size:35px|text_align:left|line_height:45.5px&#8221; use_theme_fonts=&#8221;yes&#8221; animation_delay=&#8221;500&#8243; el_class=&#8221;mb-4&#8243; animation_type=&#8221;fadeInUp&#8221; css_params=&#8221;&#8221;][vc_custom_heading text=&#8221;Polat Mant\u0131 olarak misyonumuz, geleneksel T\u00fcrk mutfa\u011f\u0131n\u0131n en g\u00fczel tatlar\u0131n\u0131, modern \u00fcretim y\u00f6ntemleri ile birle\u015ftirerek m\u00fc\u015fterilerimize sa\u011fl\u0131kl\u0131, lezzetli ve pratik \u00e7\u00f6z\u00fcmler sunmakt\u0131r. Kaliteden \u00f6d\u00fcn vermeden, do\u011fal malzemelerle \u00fcretilmi\u015f \u00fcr\u00fcnlerimizi herkesin sofras\u0131na ula\u015ft\u0131rmay\u0131 ama\u00e7l\u0131yoruz.&#8221; font_container=&#8221;tag:p|font_size:15.4px|text_align:left&#8221; use_theme_fonts=&#8221;yes&#8221; el_class=&#8221;pb-2 mb-0&#8243; css_params=&#8221;&#8221;][\/vc_column][vc_column width=&#8221;1\/2&#8243;][vc_custom_heading text=&#8221;Vizyon&#8221; font_container=&#8221;tag:h4|font_size:35px|text_align:left|line_height:45.5px&#8221; use_theme_fonts=&#8221;yes&#8221; animation_delay=&#8221;500&#8243; el_class=&#8221;mb-4&#8243; animation_type=&#8221;fadeInUp&#8221; css_params=&#8221;&#8221;][vc_custom_heading text=&#8221;Gelecek nesillere T\u00fcrk mutfa\u011f\u0131n\u0131n vazge\u00e7ilmez lezzetlerini miras b\u0131rakmay\u0131 ve Polat Mant\u0131\u2019y\u0131 ulusal ve uluslararas\u0131 arenada donuk g\u0131da sekt\u00f6r\u00fcnde bir marka haline getirmeyi hedefliyoruz. \u00dcretim s\u00fcre\u00e7lerimizdeki yenilik\u00e7i yakla\u015f\u0131mlar\u0131m\u0131zla kaliteyi s\u00fcrekli olarak art\u0131rarak, her evde &#8220;Lezzetin Ustas\u0131&#8220; olmay\u0131 arzuluyoruz.&#8221; font_container=&#8221;tag:p|font_size:15.4px|text_align:left&#8221; use_theme_fonts=&#8221;yes&#8221; el_class=&#8221;pb-2 mb-0&#8243; css_params=&#8221;&#8221;][\/vc_column][\/vc_row]<\/p>\n<\/div>","protected":false},"excerpt":{"rendered":"<p>[vc_section parallax=&#8221;content-moving&#8221; parallax_image=&#8221;410&#8243; bottom_divider_type=&#8221;custom&#8221; bottom_divider_custom=&#8221;JTNDc3ZnJTIwdmVyc2lvbiUzRCUyMjEuMSUyMiUyMHhtbG5zJTNEJTIyaHR0cCUzQSUyRiUyRnd3dy53My5vcmclMkYyMDAwJTJGc3ZnJTIyJTIweG1sbnMlM0F4bGluayUzRCUyMmh0dHAlM0ElMkYlMkZ3d3cudzMub3JnJTJGMTk5OSUyRnhsaW5rJTIyJTIweCUzRCUyMjBweCUyMiUyMHklM0QlMjIwcHglMjIlMjB2aWV3Qm94JTNEJTIyMCUyMDAlMjAxOTIwJTIwMTE2JTIyJTIwcHJlc2VydmVBc3BlY3RSYXRpbyUzRCUyMm5vbmUlMjIlM0UlMEElMDklMDklMDklMDklMDklMDklMDklM0NwYXRoJTIwZmlsbCUzRCUyMiUyM0ZGRiUyMiUyMGQlM0QlMjJNNDUzJTJDOTJjMTEuNy00Ljg3JTJDMjguNDYtMTEuNDMlMkM0OS0xOGM0Mi4yOS0xMy41MiUyQzc2LjM2LTE5LjMzJTJDMTE1LTI1YzUxLjU4LTcuNTclMkMxMDAuMjgtMTQuNzIlMkMxNzEtMjAlMEElMDklMDklMDklMDklMDklMDklMDklMDljMjQuODctMS44NiUyQzgyLjg4LTUuNzYlMkMxNTgtNmM2OS45OS0wLjIzJTJDMTIyLjU0JTJDMi44MiUyQzE1OSUyQzVjNTEuMTglMkMzLjA2JTJDOTUuMTclMkM1LjY5JTJDMTU1JTJDMTRjNzEuNSUyQzkuOTQlMkMxMTUuNDIlMkMyMS4wMiUyQzEyNyUyQzI0JTBBJTA5JTA5JTA5JTA5JTA5JTA5JTA5JTA5YzMzLjclMkM4LjY4JTJDNjEuNjIlMkMxNy43OSUyQzgyJTJDMjVDMTEzMC4zMyUyQzkxLjMzJTJDNzkxLjY3JTJDOTEuNjclMkM0NTMlMkM5MnolMjIlM0UlM0MlMkZwYXRoJTNFJTBBJTA5JTA5JTA5JTA5JTA5JTA5JTA5JTNDcmVjdCUyMHklM0QlMjI5MCUyMiUyMGZpbGwlM0QlMjIlMjNGRkYlMjIlMjB3aWR0aCUzRCUyMjE5MjAlMjIlMjBoZWlnaHQlM0QlMjIyNiUyMiUzRSUzQyUyRnJlY3QlM0UlMEElMDklMDklMDklMDklMDklMDklM0MlMkZzdmclM0U=&#8221; bottom_divider_height=&#8221;116px&#8221; el_class=&#8221;overlay overlay-show mb-0&#8243; css=&#8221;.vc_custom_1620294314378{padding-top: 4.2153846154rem !important;padding-bottom: 4.7153846154rem !important;}&#8221;][vc_row wrap_container=&#8221;yes&#8221; content_placement=&#8221;middle&#8221; el_class=&#8221;pt-3 pb-5 mb-5 z-index-9 custom-breadcrumb&#8221;][vc_column][vc_btn title=&#8221;&#8221; i_icon_fontawesome=&#8221;fas fa-angle-down&#8221; btn_fs=&#8221;23.1px&#8221; el_cls=&#8221;border-0&#8243; add_icon=&#8221;true&#8221; custom_onclick=&#8221;true&#8221; link=&#8221;url:%23aboutus&#8221; custom_onclick_code=&#8221;window.theme.scrolltoContainer(jQuery(&#8220;#aboutus&#8220;));return false;&#8221; el_class=&#8221;custom-hash-pos position-absolute mb-0&#8243;][\/vc_column][\/vc_row][\/vc_section][vc_row wrap_container=&#8221;yes&#8221; el_id=&#8221;aboutus&#8221; el_class=&#8221;py-5 mt-4 mb-3&#8243;][vc_column][vc_custom_heading text=&#8221;HAKKIMIZDA&#8221; font_container=&#8221;tag:h4|font_size:16.8px|text_align:left|line_height:21px&#8221; use_theme_fonts=&#8221;yes&#8221; skin=&#8221;primary&#8221; letter_spacing=&#8221;2.5px&#8221; animation_delay=&#8221;300&#8243; animation_type=&#8221;fadeInUp&#8221; el_class=&#8221;mb-2&#8243; css_params=&#8221;&#8221;][vc_custom_heading text=&#8221;1970 y\u0131l\u0131nda Mehmet Ali Polat taraf\u0131ndan Ankara\u2019da [&hellip;]<\/p>\n","protected":false},"author":1,"featured_media":0,"parent":0,"menu_order":0,"comment_status":"closed","ping_status":"closed","template":"","meta":{"_acf_changed":false,"footnotes":""},"class_list":["post-11","page","type-page","status-publish","hentry"],"acf":[],"_links":{"self":[{"href":"https:\/\/polatmanti.com.tr\/index.php\/wp-json\/wp\/v2\/pages\/11","targetHints":{"allow":["GET"]}}],"collection":[{"href":"https:\/\/polatmanti.com.tr\/index.php\/wp-json\/wp\/v2\/pages"}],"about":[{"href":"https:\/\/polatmanti.com.tr\/index.php\/wp-json\/wp\/v2\/types\/page"}],"author":[{"embeddable":true,"href":"https:\/\/polatmanti.com.tr\/index.php\/wp-json\/wp\/v2\/users\/1"}],"replies":[{"embeddable":true,"href":"https:\/\/polatmanti.com.tr\/index.php\/wp-json\/wp\/v2\/comments?post=11"}],"version-history":[{"count":18,"href":"https:\/\/polatmanti.com.tr\/index.php\/wp-json\/wp\/v2\/pages\/11\/revisions"}],"predecessor-version":[{"id":563,"href":"https:\/\/polatmanti.com.tr\/index.php\/wp-json\/wp\/v2\/pages\/11\/revisions\/563"}],"wp:attachment":[{"href":"https:\/\/polatmanti.com.tr\/index.php\/wp-json\/wp\/v2\/media?parent=11"}],"curies":[{"name":"wp","href":"https:\/\/api.w.org\/{rel}","templated":true}]}}