{"id":542,"date":"2024-11-11T20:32:25","date_gmt":"2024-11-11T20:32:25","guid":{"rendered":"https:\/\/polatmanti.com\/?page_id=542"},"modified":"2024-11-12T22:07:30","modified_gmt":"2024-11-12T22:07:30","slug":"urunlerimiz","status":"publish","type":"page","link":"https:\/\/polatmanti.com.tr\/index.php\/urunlerimiz\/","title":{"rendered":"\u00dcr\u00fcnlerimiz"},"content":{"rendered":"<div class=\"wpb-content-wrapper\"><p>[vc_row no_padding=&#8221;yes&#8221; conditional_render=&#8221;%5B%7B%22value_role%22%3A%22administrator%22%7D%5D&#8221;][vc_column parallax=&#8221;content-moving&#8221; parallax_image=&#8221;571&#8243; conditional_render=&#8221;%5B%7B%22value_role%22%3A%22administrator%22%7D%5D&#8221; css=&#8221;.vc_custom_1731448274192{padding-top: 12.15rem !important;padding-bottom: 12.15rem !important;}&#8221; offset=&#8221;vc_col-md-6&#8243; css_params=&#8221;&#8221;][\/vc_column][vc_column is_half=&#8221;yes&#8221; conditional_render=&#8221;%5B%7B%22value_role%22%3A%22administrator%22%7D%5D&#8221; css=&#8221;.vc_custom_1653434372205{padding-top: 7.2rem !important;padding-bottom: 7.5rem !important;background-color: #f7f7f7 !important;}&#8221; offset=&#8221;vc_col-md-6&#8243;]<div class=\"porto-u-heading ml-lg-5 mb-0 w-max-493  wpb_custom_101fa6c19c1aa2506258be3da906857d porto-u-1776 \"><div class=\"porto-u-main-heading\"><h2   style=\"margin-bottom: 12px;\">Donuk Mant\u0131 \u00c7e\u015fitleri<\/h2><\/div><div class=\"porto-u-sub-heading\" style=\"\">Polat Mant\u0131\u2019n\u0131n donuk mant\u0131 \u00e7e\u015fitleri, b\u00fcy\u00fck bir \u00f6zenle haz\u0131rlanan hamur ve i\u00e7 harc\u0131yla ev yap\u0131m\u0131 mant\u0131 lezzetini sofralar\u0131n\u0131za getirir. Tazeli\u011fini uzun s\u00fcre koruyan donuk mant\u0131lar, pi\u015firildi\u011finde ayn\u0131 ilk g\u00fcnk\u00fc gibi lezzetli ve k\u0131vam\u0131nda olur.<\/div><style>.porto-u-1776.porto-u-heading{text-align:left}<\/style><\/div>[\/vc_column][\/vc_row][vc_row no_padding=&#8221;yes&#8221; conditional_render=&#8221;%5B%7B%22value_role%22%3A%22administrator%22%7D%5D&#8221;][vc_column parallax=&#8221;content-moving&#8221; parallax_image=&#8221;575&#8243; conditional_render=&#8221;%5B%7B%22value_role%22%3A%22administrator%22%7D%5D&#8221; css=&#8221;.vc_custom_1731448403041{padding-top: 12.15rem !important;padding-bottom: 12.15rem !important;}&#8221; el_class=&#8221;order-lg-last&#8221; offset=&#8221;vc_col-md-6&#8243; css_params=&#8221;&#8221;][\/vc_column][vc_column is_half=&#8221;yes&#8221; is_half_right=&#8221;yes&#8221; conditional_render=&#8221;%5B%7B%22value_role%22%3A%22administrator%22%7D%5D&#8221; css=&#8221;.vc_custom_1653434385187{padding-top: 7.2rem !important;padding-bottom: 7.5rem !important;background-color: #f7f7f7 !important;}&#8221; offset=&#8221;vc_col-md-6&#8243;]<div class=\"porto-u-heading ml-lg-auto mr-lg-5 mb-0 w-max-493  wpb_custom_101fa6c19c1aa2506258be3da906857d porto-u-5020 \"><div class=\"porto-u-main-heading\"><h2   style=\"margin-bottom: 12px;\">Eri\u015fte \u00c7e\u015fitleri<\/h2><\/div><div class=\"porto-u-sub-heading\" style=\"\">Geleneksel y\u00f6ntemlerle \u00fcretilen eri\u015ftelerimiz, do\u011fall\u0131\u011f\u0131 ve besleyici \u00f6zellikleri ile sofralar\u0131n vazge\u00e7ilmezidir. Hem s\u0131cak yemeklerde hem de salatalarda kullan\u0131labilecek farkl\u0131 eri\u015fte \u00e7e\u015fitlerimiz, damak tad\u0131n\u0131za uygun \u00e7\u00f6z\u00fcmler sunar.<\/div><style>.porto-u-5020.porto-u-heading{text-align:left}<\/style><\/div>[\/vc_column][\/vc_row][vc_row no_padding=&#8221;yes&#8221; conditional_render=&#8221;%5B%7B%22value_role%22%3A%22administrator%22%7D%5D&#8221;][vc_column parallax=&#8221;content-moving&#8221; parallax_image=&#8221;577&#8243; conditional_render=&#8221;%5B%7B%22value_role%22%3A%22administrator%22%7D%5D&#8221; css=&#8221;.vc_custom_1731448485048{padding-top: 12.15rem !important;padding-bottom: 12.15rem !important;}&#8221; offset=&#8221;vc_col-md-6&#8243; css_params=&#8221;&#8221;][\/vc_column][vc_column is_half=&#8221;yes&#8221; conditional_render=&#8221;%5B%7B%22value_role%22%3A%22administrator%22%7D%5D&#8221; css=&#8221;.vc_custom_1653434372205{padding-top: 7.2rem !important;padding-bottom: 7.5rem !important;background-color: #f7f7f7 !important;}&#8221; offset=&#8221;vc_col-md-6&#8243;]<div class=\"porto-u-heading ml-lg-5 mb-0 w-max-493  wpb_custom_101fa6c19c1aa2506258be3da906857d porto-u-4668 \"><div class=\"porto-u-main-heading\"><h2   style=\"margin-bottom: 12px;\">\u00c7i\u011f Kaday\u0131f \u00c7e\u015fitleri<\/h2><\/div><div class=\"porto-u-sub-heading\" style=\"\">Tatl\u0131 severler i\u00e7in \u00f6zel olarak \u00fcretilen \u00e7i\u011f kaday\u0131flar\u0131m\u0131z, \u00e7\u0131t\u0131rl\u0131\u011f\u0131n\u0131 ve tazeli\u011fini koruyarak, lezzetli kaday\u0131f tatl\u0131lar\u0131n\u0131n yap\u0131m\u0131nda en b\u00fcy\u00fck yard\u0131mc\u0131n\u0131z olacak.<\/div><style>.porto-u-4668.porto-u-heading{text-align:left}<\/style><\/div>[\/vc_column][\/vc_row][vc_row no_padding=&#8221;yes&#8221; conditional_render=&#8221;%5B%7B%22value_role%22%3A%22administrator%22%7D%5D&#8221;][vc_column parallax=&#8221;content-moving&#8221; parallax_image=&#8221;579&#8243; conditional_render=&#8221;%5B%7B%22value_role%22%3A%22administrator%22%7D%5D&#8221; css=&#8221;.vc_custom_1731448580218{padding-top: 12.15rem !important;padding-bottom: 12.15rem !important;}&#8221; el_class=&#8221;order-lg-last&#8221; offset=&#8221;vc_col-md-6&#8243; css_params=&#8221;&#8221;][\/vc_column][vc_column is_half=&#8221;yes&#8221; is_half_right=&#8221;yes&#8221; conditional_render=&#8221;%5B%7B%22value_role%22%3A%22administrator%22%7D%5D&#8221; css=&#8221;.vc_custom_1653434385187{padding-top: 7.2rem !important;padding-bottom: 7.5rem !important;background-color: #f7f7f7 !important;}&#8221; offset=&#8221;vc_col-md-6&#8243;]<div class=\"porto-u-heading ml-lg-auto mr-lg-5 mb-0 w-max-493  wpb_custom_101fa6c19c1aa2506258be3da906857d porto-u-8592 \"><div class=\"porto-u-main-heading\"><h2   style=\"margin-bottom: 12px;\">Donuk Katmer ve K\u00fcnefe \u00c7e\u015fitleri<\/h2><\/div><div class=\"porto-u-sub-heading\" style=\"\">Polat Mant\u0131&#8217;n\u0131n donuk katmer ve k\u00fcnefeleri, her lokmada tatl\u0131 ihtiyac\u0131n\u0131z\u0131 kar\u015f\u0131layacak \u015fekilde haz\u0131rlanm\u0131\u015ft\u0131r. \u0130deal pi\u015firme ko\u015fullar\u0131nda servis edildi\u011finde tatl\u0131 severlere e\u015fsiz bir lezzet deneyimi sunar.<\/div><style>.porto-u-8592.porto-u-heading{text-align:left}<\/style><\/div>[\/vc_column][\/vc_row][vc_row no_padding=&#8221;yes&#8221; conditional_render=&#8221;%5B%7B%22value_role%22%3A%22administrator%22%7D%5D&#8221;][vc_column parallax=&#8221;content-moving&#8221; parallax_image=&#8221;581&#8243; conditional_render=&#8221;%5B%7B%22value_role%22%3A%22administrator%22%7D%5D&#8221; css=&#8221;.vc_custom_1731448722934{padding-top: 12.15rem !important;padding-bottom: 12.15rem !important;}&#8221; offset=&#8221;vc_col-md-6&#8243; css_params=&#8221;&#8221;][\/vc_column][vc_column is_half=&#8221;yes&#8221; conditional_render=&#8221;%5B%7B%22value_role%22%3A%22administrator%22%7D%5D&#8221; css=&#8221;.vc_custom_1653434372205{padding-top: 7.2rem !important;padding-bottom: 7.5rem !important;background-color: #f7f7f7 !important;}&#8221; offset=&#8221;vc_col-md-6&#8243;]<div class=\"porto-u-heading ml-lg-5 mb-0 w-max-493  wpb_custom_101fa6c19c1aa2506258be3da906857d porto-u-4266 \"><div class=\"porto-u-main-heading\"><h2   style=\"margin-bottom: 12px;\">Tarhana \u00c7e\u015fitleri<\/h2><\/div><div class=\"porto-u-sub-heading\" style=\"\">Do\u011fal malzemelerle \u00fcretilen tarhanalar\u0131m\u0131z, geleneksel T\u00fcrk \u00e7orbas\u0131n\u0131n sa\u011fl\u0131kl\u0131 ve lezzetli haliyle sofralar\u0131n\u0131za gelir. Her ka\u015f\u0131kta do\u011fall\u0131\u011f\u0131 ve gelenekselli\u011fi hissedeceksiniz.<\/div><style>.porto-u-4266.porto-u-heading{text-align:left}<\/style><\/div>[\/vc_column][\/vc_row]<\/p>\n<\/div>","protected":false},"excerpt":{"rendered":"<p>[vc_row no_padding=&#8221;yes&#8221; conditional_render=&#8221;%5B%7B%22value_role%22%3A%22administrator%22%7D%5D&#8221;][vc_column parallax=&#8221;content-moving&#8221; parallax_image=&#8221;571&#8243; conditional_render=&#8221;%5B%7B%22value_role%22%3A%22administrator%22%7D%5D&#8221; css=&#8221;.vc_custom_1731448274192{padding-top: 12.15rem !important;padding-bottom: 12.15rem !important;}&#8221; offset=&#8221;vc_col-md-6&#8243; css_params=&#8221;&#8221;][\/vc_column][vc_column is_half=&#8221;yes&#8221; conditional_render=&#8221;%5B%7B%22value_role%22%3A%22administrator%22%7D%5D&#8221; css=&#8221;.vc_custom_1653434372205{padding-top: 7.2rem !important;padding-bottom: 7.5rem !important;background-color: #f7f7f7 !important;}&#8221; offset=&#8221;vc_col-md-6&#8243;][\/vc_column][\/vc_row][vc_row no_padding=&#8221;yes&#8221; conditional_render=&#8221;%5B%7B%22value_role%22%3A%22administrator%22%7D%5D&#8221;][vc_column parallax=&#8221;content-moving&#8221; parallax_image=&#8221;575&#8243; conditional_render=&#8221;%5B%7B%22value_role%22%3A%22administrator%22%7D%5D&#8221; css=&#8221;.vc_custom_1731448403041{padding-top: 12.15rem !important;padding-bottom: 12.15rem !important;}&#8221; el_class=&#8221;order-lg-last&#8221; offset=&#8221;vc_col-md-6&#8243; css_params=&#8221;&#8221;][\/vc_column][vc_column is_half=&#8221;yes&#8221; is_half_right=&#8221;yes&#8221; conditional_render=&#8221;%5B%7B%22value_role%22%3A%22administrator%22%7D%5D&#8221; css=&#8221;.vc_custom_1653434385187{padding-top: 7.2rem !important;padding-bottom: 7.5rem !important;background-color: #f7f7f7 !important;}&#8221; offset=&#8221;vc_col-md-6&#8243;][\/vc_column][\/vc_row][vc_row no_padding=&#8221;yes&#8221; conditional_render=&#8221;%5B%7B%22value_role%22%3A%22administrator%22%7D%5D&#8221;][vc_column parallax=&#8221;content-moving&#8221; parallax_image=&#8221;577&#8243; conditional_render=&#8221;%5B%7B%22value_role%22%3A%22administrator%22%7D%5D&#8221; css=&#8221;.vc_custom_1731448485048{padding-top: 12.15rem !important;padding-bottom: [&hellip;]<\/p>\n","protected":false},"author":1,"featured_media":0,"parent":0,"menu_order":0,"comment_status":"closed","ping_status":"closed","template":"","meta":{"_acf_changed":false,"footnotes":""},"class_list":["post-542","page","type-page","status-publish","hentry"],"acf":[],"_links":{"self":[{"href":"https:\/\/polatmanti.com.tr\/index.php\/wp-json\/wp\/v2\/pages\/542","targetHints":{"allow":["GET"]}}],"collection":[{"href":"https:\/\/polatmanti.com.tr\/index.php\/wp-json\/wp\/v2\/pages"}],"about":[{"href":"https:\/\/polatmanti.com.tr\/index.php\/wp-json\/wp\/v2\/types\/page"}],"author":[{"embeddable":true,"href":"https:\/\/polatmanti.com.tr\/index.php\/wp-json\/wp\/v2\/users\/1"}],"replies":[{"embeddable":true,"href":"https:\/\/polatmanti.com.tr\/index.php\/wp-json\/wp\/v2\/comments?post=542"}],"version-history":[{"count":9,"href":"https:\/\/polatmanti.com.tr\/index.php\/wp-json\/wp\/v2\/pages\/542\/revisions"}],"predecessor-version":[{"id":582,"href":"https:\/\/polatmanti.com.tr\/index.php\/wp-json\/wp\/v2\/pages\/542\/revisions\/582"}],"wp:attachment":[{"href":"https:\/\/polatmanti.com.tr\/index.php\/wp-json\/wp\/v2\/media?parent=542"}],"curies":[{"name":"wp","href":"https:\/\/api.w.org\/{rel}","templated":true}]}}